{"id":27,"date":"2018-03-07T17:56:45","date_gmt":"2018-03-07T16:56:45","guid":{"rendered":"http:\/\/www.ulrich-mohr.de\/page\/?page_id=27"},"modified":"2018-04-05T15:02:22","modified_gmt":"2018-04-05T13:02:22","slug":"helfen-sie-behandlungsfehler-zu-vermeiden","status":"publish","type":"page","link":"http:\/\/www.ulrich-mohr.de\/?page_id=27","title":{"rendered":"Behandlungsfehler vermeiden"},"content":{"rendered":"<p style=\"text-align: center;\"><span style=\"font-size: 12pt;\"><strong>So helfen Sie, Behandlungsfehler zu vermeiden<\/strong><\/span><\/p>\n<p style=\"text-align: center;\"><span style=\"font-size: 12pt;\"><strong>18 Tipps des Kieler Instituts f\u00fcr Allgemeinmedizin<\/strong><\/span><\/p>\n<p>&nbsp;<\/p>\n<p><span style=\"font-size: 10pt;\"><strong><u>Nehmen Sie aktiv teil!<\/u><\/strong><\/span><\/p>\n<ol>\n<li><span style=\"font-size: 10pt;\">Verstehen Sie sich als aktiver Teilnehmer an der Behandlung. Gerade Ihnen k\u00f6nnen Irrt\u00fcmer oder Verwechslungen auffallen, wenn etwas anders l\u00e4uft, als Sie es gewohnt sind.<\/span><\/li>\n<li><span style=\"font-size: 10pt;\">Sorgen Sie daf\u00fcr, dass <em>alle Ihre \u00c4rzte<\/em> \u00fcber <em>alle Ihre Medikamente<\/em> Bescheid wissen.<\/span><\/li>\n<li><span style=\"font-size: 10pt;\">Sorgen Sie auch daf\u00fcr, dass Sie verstehen, welche Medikamente Sie zu welchem Zweck einnehmen. Wenn Sie Fragen zur Einnahme der Medikamente haben (Dosis, Dauer, Abst\u00e4nde) \u2013 fragen Sie nach!<\/span><\/li>\n<li><span style=\"font-size: 10pt;\">Sorgen Sie daf\u00fcr, dass Ihr Arzt \u00fcber Ihre Allergien ebenso Bescheid wei\u00df wie \u00fcber aufgetretene Arzneimittel-Nebenwirkungen.<\/span><\/li>\n<li><span style=\"font-size: 10pt;\">Fragen Sie in der Apotheke, ob die Medikamente, die Sie erhalten, tats\u00e4chlich auch die sind, die Ihr Arzt verordnet hat.<\/span><\/li>\n<li><span style=\"font-size: 10pt;\">Wenn Sie ins Krankenhaus m\u00fcssen, erkundigen Sie sich (z.B. bei ihrem Hausarzt) \u00fcber Kliniken, die mit der bei Ihnen geplanten Behandlung oder Operation besonders erfahren sind.<\/span><\/li>\n<li><span style=\"font-size: 10pt;\">Wenn eine Operation ansteht, stellen Sie sicher, dass alle (Ihr Stationsarzt, Ihr Operateur und Sie selbst) wirklich darin \u00fcbereinstimmen, was genau passieren soll.<\/span><\/li>\n<li><span style=\"font-size: 10pt;\">Wenn bei Ihnen ein Test durchgef\u00fchrt worden ist, fragen Sie in jedem Fall nach, wenn Sie nicht \u00fcber das Ergebnis informiert worden sind.<\/span><\/li>\n<li><span style=\"font-size: 10pt;\">Je besser Sie sich \u00fcber ihre Krankheit und deren Behandlung informieren, um so besser k\u00f6nnen Sie den Behandlungsprozess aktiv mitgestalten und aktiv helfen, Irrt\u00fcmer und Fehler zu vermeiden.<\/span><\/li>\n<\/ol>\n<p>&nbsp;<\/p>\n<p><span style=\"font-size: 10pt;\"><strong><u>Bestehen Sie auf verst\u00e4ndlichen Informationen!<\/u><\/strong><\/span><\/p>\n<ol>\n<li><span style=\"font-size: 10pt;\">Bestehen Sie darauf, verst\u00e4ndliche Informationen \u00fcber den Nutzen und m\u00f6gliche Nebenwirkungen der verschriebenen Medikamente zu bekommen.<\/span><\/li>\n<li><span style=\"font-size: 10pt;\">Wenn Ihr Arzt Ihnen ein Rezept ausstellt, achten Sie darauf, dass auch Sie selbst es lesen k\u00f6nnen.<\/span><\/li>\n<li><span style=\"font-size: 10pt;\">Lesen Sie medizinische Aufkl\u00e4rungsbogen gr\u00fcndlich. Unterschreiben Sie diese nicht, wenn Sie den Inhalt nicht verstehen. Fragen Sie nach.<\/span><\/li>\n<li><span style=\"font-size: 10pt;\">Wenn eine Entlassung aus dem Krankenhaus ansteht, bitten Sie den Arzt, Ihnen den weiteren Behandlungsplan f\u00fcr zu Hause zu erl\u00e4utern.<\/span><\/li>\n<\/ol>\n<p>&nbsp;<\/p>\n<p><span style=\"font-size: 10pt;\"><strong><u>Sprechen Sie Probleme deutlich an!<\/u><\/strong><\/span><\/p>\n<ol>\n<li><span style=\"font-size: 10pt;\">Fragen Sie nach, wenn Sie ein Problem sehen oder Sorgen haben. Wenn Sie die Antwort nicht verstehen, fragen Sie erneut. Es ist Ihr K\u00f6rper \u2013 Sie haben das Recht dazu.<\/span><\/li>\n<li><span style=\"font-size: 10pt;\">Machen Sie sich bemerkbar, wenn Sie das Gef\u00fchl haben mit einem anderen Patienten verwechselt worden zu sein oder ein falsches Medikament zu erhalten.<\/span><\/li>\n<\/ol>\n<p>&nbsp;<\/p>\n<p><span style=\"font-size: 10pt;\"><strong><u>Organisieren Sie sich Unterst\u00fctzung und Beratung!<\/u><\/strong><\/span><\/p>\n<ol>\n<li><span style=\"font-size: 10pt;\">Bestehen Sie darauf, dass Sie einen konkreten fachlichen Ansprechpartner haben, zum Beispiel Ihren Hausarzt, mit dem Sie alle Ihre Gesundheitsprobleme besprechen k\u00f6nnen.<\/span><\/li>\n<li><span style=\"font-size: 10pt;\">Bitten Sie ggf. ein Familienmitglied oder einen Freund, sich als Vertreter Ihrer Interessen zur Verf\u00fcgung zu stellen \u2013 besonders wenn es kompliziert wird, z.B. bei einem Krankenhausaufenthalt.<\/span><\/li>\n<\/ol>\n<p>&nbsp;<\/p>\n<p><span style=\"font-size: 10pt;\"><strong><u>Und zuletzt:<\/u><\/strong><\/span><\/p>\n<ol>\n<li><span style=\"font-size: 10pt;\">Beachten Sie, dass &#8222;mehr Untersuchung\u201c und \u201emehr Behandlung\u201c nicht immer besser ist.<\/span><\/li>\n<\/ol>\n<p>&nbsp;<\/p>\n<p><span style=\"font-size: 8pt;\"><em>nach: 20 Tips to Help Prevent Medical Errors. Patient Fact Sheet. AHRQ Publication No. 00-PO38, February 2000. Agency for Healthcare Research and Quality, Rockville, MD. <\/em><a href=\"http:\/\/www.ahrq.gov\/consumer\/20tips.htm\"><em>http:\/\/www.ahrq.gov\/consumer\/20tips.htm<\/em><\/a> <em>, sowie: Joint Commission on Accreditation of Healthcare Organizations: Speak Up! <\/em><a href=\"http:\/\/www.jcaho.org\/general+public\/gp+speak+up\/index.htm\"><em>http:\/\/www.jcaho.org\/general+public\/gp+speak+up\/index.htm<\/em><\/a><\/span><\/p>\n<p>&nbsp;<\/p>\n<p>&nbsp;<\/p>\n<p>&nbsp;<\/p>\n<p style=\"text-align: center;\"><strong><em>Zum Hausarzt \u2013 wenn es um<\/em> <em>Ihre Gesundheit geht<\/em><\/strong><\/p>\n","protected":false},"excerpt":{"rendered":"<p>So helfen Sie, Behandlungsfehler zu vermeiden 18 Tipps des Kieler Instituts f\u00fcr Allgemeinmedizin &nbsp; Nehmen Sie aktiv teil! Verstehen Sie sich als aktiver Teilnehmer an der Behandlung. Gerade Ihnen k\u00f6nnen Irrt\u00fcmer oder Verwechslungen auffallen, wenn etwas anders l\u00e4uft, als Sie es gewohnt sind. Sorgen Sie daf\u00fcr, dass alle Ihre \u00c4rzte \u00fcber alle Ihre Medikamente Bescheid wissen. Sorgen Sie auch daf\u00fcr, [&hellip;]<\/p>\n","protected":false},"author":1,"featured_media":0,"parent":0,"menu_order":0,"comment_status":"closed","ping_status":"closed","template":"","meta":{"footnotes":""},"_links":{"self":[{"href":"http:\/\/www.ulrich-mohr.de\/index.php?rest_route=\/wp\/v2\/pages\/27"}],"collection":[{"href":"http:\/\/www.ulrich-mohr.de\/index.php?rest_route=\/wp\/v2\/pages"}],"about":[{"href":"http:\/\/www.ulrich-mohr.de\/index.php?rest_route=\/wp\/v2\/types\/page"}],"author":[{"embeddable":true,"href":"http:\/\/www.ulrich-mohr.de\/index.php?rest_route=\/wp\/v2\/users\/1"}],"replies":[{"embeddable":true,"href":"http:\/\/www.ulrich-mohr.de\/index.php?rest_route=%2Fwp%2Fv2%2Fcomments&post=27"}],"version-history":[{"count":5,"href":"http:\/\/www.ulrich-mohr.de\/index.php?rest_route=\/wp\/v2\/pages\/27\/revisions"}],"predecessor-version":[{"id":195,"href":"http:\/\/www.ulrich-mohr.de\/index.php?rest_route=\/wp\/v2\/pages\/27\/revisions\/195"}],"wp:attachment":[{"href":"http:\/\/www.ulrich-mohr.de\/index.php?rest_route=%2Fwp%2Fv2%2Fmedia&parent=27"}],"curies":[{"name":"wp","href":"https:\/\/api.w.org\/{rel}","templated":true}]}}